{"id":1956,"date":"2025-05-20T17:16:14","date_gmt":"2025-05-20T15:16:14","guid":{"rendered":"https:\/\/staging.simulationpartner.se\/?page_id=1956"},"modified":"2025-09-23T20:35:35","modified_gmt":"2025-09-23T18:35:35","slug":"order-your-product-package","status":"publish","type":"page","link":"https:\/\/staging.simulationpartner.se\/en\/order-your-product-package\/","title":{"rendered":"Order Your Product Package"},"content":{"rendered":"\n<div class=\"wp-block-group alignfull has-tertiary-background-color has-background is-content-justification-center is-nowrap is-layout-flex wp-container-core-group-is-layout-94bc23d7 wp-block-group-is-layout-flex\">\n<div id=\"order-page\" class=\"content-wrapper light-theme\">\n\n\t<div class=\"message\" id=\"notificationMessage\"><\/div>\n\n\t<form id=\"orderForm\">\n\n\t\t<div class=\"form-grid\" id=\"form-grid\">\n        \n        <div class=\"left-panel\">\n\t        <div class=\"panel-header\">\n    \t        <h2>Product Package Configuration<\/h2>\n        \t<\/div>\n          \t<div class=\"panel-content\">\n\n\t\t\t\t<div class=\"radio-group\">\n                    <label class=\"custom-radio-label\">\n                        <input id=\"order-config-local\" type=\"radio\" name=\"order-config-source\" value=\"select\" checked class=\"hidden-radio-input\"> \n                        <span class=\"custom-radio-visual\"><\/span>\n                        <span class=\"custom-radio-text\">Select Saved Configuration<\/span>\n                    <\/label>\n                    <label class=\"custom-radio-label\">\n                        <input id=\"order-config-upload\" type=\"radio\" name=\"order-config-source\" value=\"upload\" class=\"hidden-radio-input\"> \n                        <span class=\"custom-radio-visual\"><\/span>\n                        <span class=\"custom-radio-text\">Upload Configuration File<\/span>\n                    <\/label>\n                <\/div>\n\n\t\t\t\t<div class=\"source-blocks\">\n\n\t\t\t\t\t<!-- Select block -->\n\t\t\t\t\t<div id=\"select-block\" class=\"select-block\">\n\t\t\t\t\t\t<select id=\"select-config\" name=\"saved-config\">\n\t\t\t\t\t\t\t<option value=\"default\">&#8212; Choose Configuration &#8212;<\/option>\n\t\t\t\t\t\t<\/select>\n\t\t\t\t\t<\/div>\n\t\t\t\t\t\n\t\t\t\t\t<!-- Upload block -->\n\t\t\t\t\t<div id=\"upload-block\" class=\"upload-block\"> <!-- uh, byt namn??? F\u00d6RSLAG upload-block, ta bort upload-frame, l\u00e4gg formatering p\u00e5 id:t eller klass med samma namn -->\n\t\t\t\t\t\t<label for=\"config-file-upload\" class=\"custom-file-input\">\n\t\t\t\t\t\t\tChoose File\n\t\t\t\t\t\t\t<input type=\"file\" id=\"config-file-upload\" name=\"config-file-upload\" accept=\".json\" class=\"hidden-file-input\">\n\t\t\t\t\t\t<\/label>\n\t\t\t\t\t\t<span id=\"fileNameDisplay\">No file chosen<\/span>\n\t\t\t\t\t<\/div>\n\n\t\t\t\t<\/div>\n\t\t\t\t\n\t\t\t\t<div id=\"output\">\n\t\t\t\t\t<div id=\"selectedConfigDisplay\" class=\"card is-elevated\">\n\t\t\t\t\t\t<div id=\"displaySummaryPricesSection\">\n\t\t\t\t\t\t\t<table id=\"orderSummaryTable\">\n\t\t\t\t\t\t\t\t<tr><th>Package tier:<\/th> <td><span id=\"displayCheapestTier\"><\/span><\/td><\/tr>\n\t\t\t\t\t\t\t\t<tr><th>Package price:<\/th><td class=\"price\"><span id=\"displayPackagePrice\"><\/span><\/td><\/tr>\n\t\t\t\t\t\t\t\t<tr><th>Add-on price:<\/th> <td class=\"price\"><span id=\"displayAddonPrice\"><\/span><\/td><\/tr>\n\t\t\t\t\t\t\t\t<tr><th>Total price:<\/th>  <td class=\"price\"><span id=\"displayTotalPrice\"><\/span><\/td><\/tr>\n\t\t\t\t\t\t\t<\/table>\n\t\t\t\t\t\t<\/div>\n\n\t\t\t\t\t\t<p id=\"displaySummaryPricesNotAvailable\" style=\"display: none;\">\n\t\t\t\t\t\t\tSummary prices not available for this configuration.\n\t\t\t\t\t\t<\/p>\n\n\t\t\t\t\t<\/div>\n\n\t\t\t\t\t<button class=\"btn btn--secondary\" id=\"showBtn\" type=\"button\">Show Configuration<\/button>\n\t\t\t\t\t<div id=\"displayConfiguration\">\n\t\t\t\t\t\t<table id=\"show-configuration-table\" class=\"configuration-table\"><tbody><tr class=\"repeat-header\"><th>Type of system<\/th><th><\/th><\/tr><tr data-feature-id=\"production_line\"><td><span class=\"column-1-left-side type-of-system-left\">Production line (simple flow)<\/span><span class=\"column-1-right-side type-of-system-right\"><\/span><\/td><td><div class=\"checkbox-graphic\"><span class=\"checkmark\"><\/span><\/div><\/td><\/tr><tr class=\"spacer\"><td colspan=\"2\"><\/td><\/tr><tr class=\"repeat-header\"><th>General objectives<\/th><th><\/th><\/tr><tr data-feature-id=\"graphics_3d_model\"><td><span class=\"column-1-left-side general-objectives-left\">Graphics<\/span><span class=\"column-1-right-side general-objectives-right\">3D model<\/span><\/td><td><div class=\"checkbox-graphic\"><span class=\"checkmark\"><\/span><\/div><\/td><\/tr><tr data-feature-id=\"graphics_custom_color_of_variants\"><td><span class=\"column-1-left-side general-objectives-left\">Graphics<\/span><span class=\"column-1-right-side general-objectives-right\">Custom color of variants<\/span><\/td><td><div class=\"checkbox-graphic\"><span class=\"checkmark\"><\/span><\/div><\/td><\/tr><tr data-feature-id=\"graphics_custom_color_of_objects\"><td><span class=\"column-1-left-side general-objectives-left\">Graphics<\/span><span class=\"column-1-right-side general-objectives-right\">Custom color of objects<\/span><\/td><td><div class=\"checkbox-graphic\"><span class=\"checkmark\"><\/span><\/div><\/td><\/tr><tr data-feature-id=\"graphics_custom_graphic_of_objects\"><td><span class=\"column-1-left-side general-objectives-left\">Graphics<\/span><span class=\"column-1-right-side general-objectives-right\">Custom graphic of objects<\/span><\/td><td><span class=\"feature-value-placeholder\">0<\/span><\/td><\/tr><tr data-feature-id=\"graphics_custom_animation_of_objects\"><td><span class=\"column-1-left-side general-objectives-left\">Graphics<\/span><span class=\"column-1-right-side general-objectives-right\">Custom animation of objects<\/span><\/td><td><span class=\"feature-value-placeholder\">0<\/span><\/td><\/tr><tr class=\"spacer\"><td colspan=\"2\"><\/td><\/tr><tr class=\"repeat-header\"><th>Experiments\/Optimizations<\/th><th><\/th><\/tr><tr data-feature-id=\"number_of_line_configurations\"><td><span class=\"column-1-left-side experiments-left\">Number of line configurations<\/span><span class=\"column-1-right-side experiments-right\"><\/span><\/td><td><span class=\"feature-value-placeholder\">0<\/span><\/td><\/tr><tr data-feature-id=\"number_of_output_values\"><td><span class=\"column-1-left-side experiments-left\">Number of output values<\/span><span class=\"column-1-right-side experiments-right\"><\/span><\/td><td><span class=\"feature-value-placeholder\">0<\/span><\/td><\/tr><tr data-feature-id=\"number_of_experiment_parameters\"><td><span class=\"column-1-left-side experiments-left\">Number of experiment parameters<\/span><span class=\"column-1-right-side experiments-right\"><\/span><\/td><td><span class=\"feature-value-placeholder\">0<\/span><\/td><\/tr><tr data-feature-id=\"number_of_experiments\"><td><span class=\"column-1-left-side experiments-left\">Number of experiments<\/span><span class=\"column-1-right-side experiments-right\"><\/span><\/td><td><span class=\"feature-value-placeholder\">0<\/span><\/td><\/tr><tr class=\"spacer\"><td colspan=\"2\"><\/td><\/tr><tr class=\"repeat-header\"><th>Max number of objects<\/th><th><\/th><\/tr><tr data-feature-id=\"station_objects\"><td><span class=\"column-1-left-side max-number-of-objects-left\">Station objects<\/span><span class=\"column-1-right-side max-number-of-objects-right\"><\/span><\/td><td><span class=\"feature-value-placeholder\">0<\/span><\/td><\/tr><tr data-feature-id=\"buffer_objects\"><td><span class=\"column-1-left-side max-number-of-objects-left\">Buffer objects<\/span><span class=\"column-1-right-side max-number-of-objects-right\"><\/span><\/td><td><span class=\"feature-value-placeholder\">0<\/span><\/td><\/tr><tr data-feature-id=\"variants\"><td><span class=\"column-1-left-side max-number-of-objects-left\">Variants<\/span><span class=\"column-1-right-side max-number-of-objects-right\"><\/span><\/td><td><span class=\"feature-value-placeholder\">0<\/span><\/td><\/tr><tr data-feature-id=\"shift_calendars\"><td><span class=\"column-1-left-side max-number-of-objects-left\">Shift calendars<\/span><span class=\"column-1-right-side max-number-of-objects-right\"><\/span><\/td><td><span class=\"feature-value-placeholder\">0<\/span><\/td><\/tr><tr class=\"spacer\"><td colspan=\"2\"><\/td><\/tr><tr class=\"repeat-header\"><th>Input data type<\/th><th><\/th><\/tr><tr data-feature-id=\"cycle_time_constant_time\"><td><span class=\"column-1-left-side input-data-left\">Cycle time<\/span><span class=\"column-1-right-side input-data-right\">Constant time<\/span><\/td><td><div class=\"checkbox-graphic\"><span class=\"checkmark\"><\/span><\/div><\/td><\/tr><tr data-feature-id=\"cycle_time_detailed\"><td><span class=\"column-1-left-side input-data-left\">Cycle time<\/span><span class=\"column-1-right-side input-data-right\">Detailed (custom distribution)<\/span><\/td><td><div class=\"checkbox-graphic\"><span class=\"checkmark\"><\/span><\/div><\/td><\/tr><tr data-feature-id=\"cycle_time_per_variant\"><td><span class=\"column-1-left-side input-data-left\">Cycle time<\/span><span class=\"column-1-right-side input-data-right\">Per variant<\/span><\/td><td><div class=\"checkbox-graphic\"><span class=\"checkmark\"><\/span><\/div><\/td><\/tr><tr data-feature-id=\"stop_data_standard\"><td><span class=\"column-1-left-side input-data-left\">Stop data<\/span><span class=\"column-1-right-side input-data-right\">Standard (AVB\/MTTR)<\/span><\/td><td><div class=\"checkbox-graphic\"><span class=\"checkmark\"><\/span><\/div><\/td><\/tr><tr data-feature-id=\"stop_data_multiple_stop_groups\"><td><span class=\"column-1-left-side input-data-left\">Stop data<\/span><span class=\"column-1-right-side input-data-right\">Detailed (multiple stop groups)<\/span><\/td><td><div class=\"checkbox-graphic\"><span class=\"checkmark\"><\/span><\/div><\/td><\/tr><tr data-feature-id=\"stop_data_custom_distribution\"><td><span class=\"column-1-left-side input-data-left\">Stop data<\/span><span class=\"column-1-right-side input-data-right\">Detailed (custom distribution)<\/span><\/td><td><div class=\"checkbox-graphic\"><span class=\"checkmark\"><\/span><\/div><\/td><\/tr><tr data-feature-id=\"setup\"><td><span class=\"column-1-left-side input-data-left\">Set-up<\/span><span class=\"column-1-right-side input-data-right\"><\/span><\/td><td><div class=\"checkbox-graphic\"><span class=\"checkmark\"><\/span><\/div><\/td><\/tr><tr data-feature-id=\"setup_detailed\"><td><span class=\"column-1-left-side input-data-left\">Set-up<\/span><span class=\"column-1-right-side input-data-right\">Detailed (custom distribution)<\/span><\/td><td><div class=\"checkbox-graphic\"><span class=\"checkmark\"><\/span><\/div><\/td><\/tr><tr data-feature-id=\"setup_per_variant\"><td><span class=\"column-1-left-side input-data-left\">Set-up<\/span><span class=\"column-1-right-side input-data-right\">Per variant<\/span><\/td><td><div class=\"checkbox-graphic\"><span class=\"checkmark\"><\/span><\/div><\/td><\/tr><tr data-feature-id=\"setup_settings\"><td><span class=\"column-1-left-side input-data-left\">Set-up<\/span><span class=\"column-1-right-side input-data-right\">Settings<\/span><\/td><td><div class=\"checkbox-graphic\"><span class=\"checkmark\"><\/span><\/div><\/td><\/tr><tr data-feature-id=\"scrap_value\"><td><span class=\"column-1-left-side input-data-left\">Scrap<\/span><span class=\"column-1-right-side input-data-right\">Value<\/span><\/td><td><div class=\"checkbox-graphic\"><span class=\"checkmark\"><\/span><\/div><\/td><\/tr><tr data-feature-id=\"scrap_settings\"><td><span class=\"column-1-left-side input-data-left\">Scrap<\/span><span class=\"column-1-right-side input-data-right\">Settings<\/span><\/td><td><div class=\"checkbox-graphic\"><span class=\"checkmark\"><\/span><\/div><\/td><\/tr><tr data-feature-id=\"workers_operator_setup_staff_maintenance\"><td><span class=\"column-1-left-side input-data-left\">Workers<\/span><span class=\"column-1-right-side input-data-right\">Operator, Set-up staff, Maintenance<\/span><\/td><td><div class=\"checkbox-graphic\"><span class=\"checkmark\"><\/span><\/div><\/td><\/tr><tr data-feature-id=\"workers_electricalmechanical_maintenance\"><td><span class=\"column-1-left-side input-data-left\">Workers<\/span><span class=\"column-1-right-side input-data-right\">Electrical\/Mechanical maintenance<\/span><\/td><td><div class=\"checkbox-graphic\"><span class=\"checkmark\"><\/span><\/div><\/td><\/tr><tr data-feature-id=\"shift_calendars_customized_shift_times\"><td><span class=\"column-1-left-side input-data-left\">Shift calendars<\/span><span class=\"column-1-right-side input-data-right\">Customized shift times<\/span><\/td><td><div class=\"checkbox-graphic\"><span class=\"checkmark\"><\/span><\/div><\/td><\/tr><tr data-feature-id=\"shift_calendars_customized_calendars\"><td><span class=\"column-1-left-side input-data-left\">Shift calendars<\/span><span class=\"column-1-right-side input-data-right\">Customized calendars<\/span><\/td><td><div class=\"checkbox-graphic\"><span class=\"checkmark\"><\/span><\/div><\/td><\/tr><tr class=\"spacer\"><td colspan=\"2\"><\/td><\/tr><tr class=\"repeat-header\"><th>Analysis<\/th><th><\/th><\/tr><tr data-feature-id=\"bottleneck_analysis_level_12\"><td><span class=\"column-1-left-side analysis-left\">Bottleneck analysis<\/span><span class=\"column-1-right-side analysis-right\">Level 1-2<\/span><\/td><td><div class=\"checkbox-graphic\"><span class=\"checkmark\"><\/span><\/div><\/td><\/tr><tr data-feature-id=\"bottleneck_analysis_level_3\"><td><span class=\"column-1-left-side analysis-left\">Bottleneck analysis<\/span><span class=\"column-1-right-side analysis-right\">Level 3<\/span><\/td><td><div class=\"checkbox-graphic\"><span class=\"checkmark\"><\/span><\/div><\/td><\/tr><tr data-feature-id=\"bottleneck_analysis_choose_setting_level_12\"><td><span class=\"column-1-left-side analysis-left\">Bottleneck analysis<\/span><span class=\"column-1-right-side analysis-right\">Choose setting Level 1-2<\/span><\/td><td><div class=\"checkbox-graphic\"><span class=\"checkmark\"><\/span><\/div><\/td><\/tr><tr data-feature-id=\"bottleneck_analysis_choose_setting_level_3\"><td><span class=\"column-1-left-side analysis-left\">Bottleneck analysis<\/span><span class=\"column-1-right-side analysis-right\">Choose setting Level 3<\/span><\/td><td><div class=\"checkbox-graphic\"><span class=\"checkmark\"><\/span><\/div><\/td><\/tr><tr data-feature-id=\"bottleneck_analysis_custom_settings_level_12\"><td><span class=\"column-1-left-side analysis-left\">Bottleneck analysis<\/span><span class=\"column-1-right-side analysis-right\">Custom settings Level 1-2<\/span><\/td><td><div class=\"checkbox-graphic\"><span class=\"checkmark\"><\/span><\/div><\/td><\/tr><tr data-feature-id=\"bottleneck_analysis_custom_settings_level_3\"><td><span class=\"column-1-left-side analysis-left\">Bottleneck analysis<\/span><span class=\"column-1-right-side analysis-right\">Custom settings Level 3<\/span><\/td><td><div class=\"checkbox-graphic\"><span class=\"checkmark\"><\/span><\/div><\/td><\/tr><tr class=\"spacer\"><td colspan=\"2\"><\/td><\/tr><tr class=\"repeat-header\"><th>Support<\/th><th><\/th><\/tr><tr data-feature-id=\"help_with_input_data\"><td><span class=\"column-1-left-side support-left\">Help with input data<\/span><span class=\"column-1-right-side support-right\">(Teams)<\/span><\/td><td><span class=\"feature-value-placeholder\">0<\/span><\/td><\/tr><tr data-feature-id=\"expert_analysis_recommendations\"><td><span class=\"column-1-left-side support-left\">Expert Analysis &amp; Recommendations<\/span><span class=\"column-1-right-side support-right\"><\/span><\/td><td><span class=\"feature-value-placeholder\">0<\/span><\/td><\/tr><tr data-feature-id=\"guided_results_walkthrough\"><td><span class=\"column-1-left-side support-left\">Guided Results Walkthrough<\/span><span class=\"column-1-right-side support-right\">(Teams)<\/span><\/td><td><span class=\"feature-value-placeholder\">0<\/span><\/td><\/tr><tr class=\"spacer\"><td colspan=\"2\"><\/td><\/tr><tr class=\"repeat-header\"><th>Support - On site<\/th><th><\/th><\/tr><tr data-feature-id=\"help_with_input_data_on_site\"><td><span class=\"column-1-left-side support-on-site-left\">Help with input data<\/span><span class=\"column-1-right-side support-on-site-right\"><\/span><\/td><td><span class=\"feature-value-placeholder\">0<\/span><\/td><\/tr><tr data-feature-id=\"guided_results_walkthrough_on_site\"><td><span class=\"column-1-left-side support-on-site-left\">Guided Results Walkthrough<\/span><span class=\"column-1-right-side support-on-site-right\"><\/span><\/td><td><span class=\"feature-value-placeholder\">0<\/span><\/td><\/tr><tr data-feature-id=\"travel_costs\"><td><span class=\"column-1-left-side support-on-site-left\">Travel costs<\/span><span class=\"column-1-right-side support-on-site-right\"><\/span><\/td><td><span class=\"feature-value-placeholder\">0<\/span><\/td><\/tr><tr class=\"spacer\"><td colspan=\"2\"><\/td><\/tr><tr class=\"repeat-header\"><th>Expert services<\/th><th><\/th><\/tr><tr data-feature-id=\"model_customization_as_agreed\"><td><span class=\"column-1-left-side expert-services-left\">Model Customization<\/span><span class=\"column-1-right-side expert-services-right\">As agreed<\/span><\/td><td><span class=\"feature-value-placeholder\">0<\/span><\/td><\/tr><tr class=\"spacer\"><td colspan=\"2\"><\/td><\/tr><tr class=\"repeat-header\"><th>Delivery<\/th><th><\/th><\/tr><tr data-feature-id=\"simulation_report\"><td><span class=\"column-1-left-side delivery-left\">Simulation Report<\/span><span class=\"column-1-right-side delivery-right\"><\/span><\/td><td><div class=\"checkbox-graphic\"><span class=\"checkmark\"><\/span><\/div><\/td><\/tr><tr data-feature-id=\"experiment_report\"><td><span class=\"column-1-left-side delivery-left\">Experiment Report<\/span><span class=\"column-1-right-side delivery-right\"><\/span><\/td><td><div class=\"checkbox-graphic\"><span class=\"checkmark\"><\/span><\/div><\/td><\/tr><tr data-feature-id=\"interactive_simulation_model\"><td><span class=\"column-1-left-side delivery-left\">Interactive Simulation Model<\/span><span class=\"column-1-right-side delivery-right\"><\/span><\/td><td><div class=\"checkbox-graphic\"><span class=\"checkmark\"><\/span><\/div><\/td><\/tr><tr data-feature-id=\"editable_project_file_base\"><td><span class=\"column-1-left-side delivery-left\">Editable Project File<\/span><span class=\"column-1-right-side delivery-right\">Base<\/span><\/td><td><div class=\"checkbox-graphic\"><span class=\"checkmark\"><\/span><\/div><\/td><\/tr><tr data-feature-id=\"editable_project_file_bottleneck_analysis_level_12\"><td><span class=\"column-1-left-side delivery-left\">Editable Project File<\/span><span class=\"column-1-right-side delivery-right\">Bottleneck analysis Level 1-2<\/span><\/td><td><div class=\"checkbox-graphic\"><span class=\"checkmark\"><\/span><\/div><\/td><\/tr><tr data-feature-id=\"editable_project_file_bottleneck_analysis_level_3\"><td><span class=\"column-1-left-side delivery-left\">Editable Project File<\/span><span class=\"column-1-right-side delivery-right\">Bottleneck analysis Level 3<\/span><\/td><td><div class=\"checkbox-graphic\"><span class=\"checkmark\"><\/span><\/div><\/td><\/tr><tr data-feature-id=\"editable_project_file_resources\"><td><span class=\"column-1-left-side delivery-left\">Editable Project File<\/span><span class=\"column-1-right-side delivery-right\">Resources<\/span><\/td><td><div class=\"checkbox-graphic\"><span class=\"checkmark\"><\/span><\/div><\/td><\/tr><\/tbody><\/table>\n\t\t\t\t\t<\/div>\n\t\t\t\t<\/div>\n\n\t\t\t\t<p id=\"selectedConfigDisplayNotValid\">\n\t\t\t\t\tConfiguration not valid.<br>Please choose a file saved on the <a href=\"\/configure-your-product-package\/\">Configure Your Product Package<\/a> page.\n\t\t\t\t<\/p>\n\n\t\t\t<\/div>\n\n\t\t<\/div>\n\n\t\t<div class=\"right-panel\">\n\t\t\t<div class=\"panel-header\">\n\t\t\t<h2>Customer Information<\/h2>\n\t\t\t<\/div>\n\t\t\t<div class=\"panel-content\">\n\t\t\t<div class=\"order-info-card is-elevated\">\n\t\t\t\t<div class=\"card-header\">\n\t\t\t\t\t<h3>Customer \/ Company Details<\/h3>\n\t\t\t\t<\/div>\n\t\t\t\t<div class=\"card-content\">\n\t\t\t\t<div class=\"form-row\">\n\t\t\t\t\t<label for=\"company\">Company:<\/label>\n\t\t\t\t\t<input type=\"text\" id=\"company\" name=\"company\" required \/>\n\t\t\t\t<\/div>\n\t\t\t\t<div class=\"form-row\">\n\t\t\t\t\t<label for=\"corpId\">Corp ID (Org. nr.):<\/label>\n\t\t\t\t\t<input type=\"text\" id=\"corpId\" name=\"corpId\" required \/>\n\t\t\t\t<\/div>\n\t\t\t\t<div class=\"form-row\">\n\t\t\t\t\t<label for=\"address\">Address:<\/label>\n\t\t\t\t\t<input type=\"text\" id=\"address\" name=\"address\" autocomplete=\"street-address\" required \/>\n\t\t\t\t<\/div>\n\t\t\t\t<div class=\"form-row\">\n\t\t\t\t\t<label for=\"zipCode\">Zip code:<\/label>\n\t\t\t\t\t<input type=\"text\" id=\"zipCode\" name=\"zipCode\" autocomplete=\"postal-code\" required \/>\n\t\t\t\t<\/div>\n\t\t\t\t<div class=\"form-row\">\n\t\t\t\t\t<label for=\"city\">City:<\/label>\n\t\t\t\t\t<input type=\"text\" id=\"city\" name=\"city\" autocomplete=\"address-level2\" required \/>\n\t\t\t\t<\/div>\n\t\t\t\t<\/div>\n\t\t\t<\/div>\n\t\t\t<div class=\"order-info-card is-elevated\">\n\t\t\t\t<div class=\"card-header\">\n\t\t\t\t\t<h3>Your contact person<\/h3>\n\t\t\t\t<\/div>\n\t\t\t\t<div class=\"card-content\">\n\t\t\t\t<div class=\"form-row\">\n\t\t\t\t\t<label for=\"name\">Name:<\/label>\n\t\t\t\t\t<input type=\"text\" id=\"name\" name=\"name\" autocomplete=\"name\" required \/>\n\t\t\t\t<\/div>\n\t\t\t\t<div class=\"form-row\">\n\t\t\t\t\t<label for=\"customerEmail\">E-mail:<\/label>\n\t\t\t\t\t<input type=\"email\" id=\"customerEmail\" name=\"e-mail\" autocomplete=\"email\" required \/>\n\t\t\t\t<\/div>\n\t\t\t\t<div class=\"form-row\">\n\t\t\t\t\t<label for=\"phoneNo\">Phone no.:<\/label>\n\t\t\t\t\t<input\n\t\t\t\t\ttype=\"tel\"\n\t\t\t\t\tid=\"phoneNo\"\n\t\t\t\t\tname=\"phoneNo\"\n\t\t\t\t\tautocomplete=\"tel-country-code\"\n\t\t\t\t\tplaceholder=\"+46 70 123 45 67\"\n\t\t\t\t\tpattern=\"^[\\d\\s\\-\\+\\(\\)]{5,}$\"\n\t\t\t\t\ttitle=\"Please enter a valid phone number including country code (e.g., +46 70 123 45 67)\"\n\t\t\t\t\trequired \/>\n\t\t\t\t<\/div>\n\t\t\t\t<\/div>\n\t\t\t<\/div>\n\t\t\t<!--pattern=\"^(\\+\\d{1,3}[ -]?)?\\d{5,20}[ -]?\\d{0,10}$\"-->\n\t\t\t<div class=\"order-info-card is-elevated\">\n\t\t\t\t<div class=\"card-header\">\n\t\t\t\t\t<h3>Invoice details<\/h3>\n\t\t\t\t<\/div>\n\t\t\t\t<div class=\"card-content\">\n\t\t\t\t<div class=\"form-row\">\n\t\t\t\t\t<label for=\"invoiceEmail\">Invoice E-mail:<\/label>\n\t\t\t\t\t<input type=\"email\" id=\"invoiceEmail\" name=\"invoiceEmail\" autocomplete=\"email\" required \/>\n\t\t\t\t<\/div>\n\t\t\t\t<div class=\"form-row optional\">\n\t\t\t\t\t<label for=\"poNumber\">PO Number <span class=\"optional-text\">(Optional)<\/span>:<\/label>\n\t\t\t\t\t<input type=\"text\" id=\"poNumber\" name=\"poNumber\" \/>\n\t\t\t\t<\/div>\n\t\t\t\t<div class=\"form-row optional\">\n\t\t\t\t\t<label for=\"invoiceReference\">Invoice Reference <span class=\"optional-text\">(Optional)<\/span>:<\/label>\n\t\t\t\t\t<input type=\"text\" id=\"invoiceReference\" name=\"invoiceReference\" \/>\n\t\t\t\t<\/div>\n\t\t\t\t<\/div>\n\t\t\t<\/div>\n\t\t\t<\/div>\n\t\t<\/div>\n\n\t\t\n    <div class=\"terms-and-conditions-box\">\n        <label for=\"terms-checkbox\" class=\"terms-label\">\n            <input type=\"checkbox\" id=\"terms-checkbox\" name=\"terms_checkbox\">\n            <span class=\"checkbox-text\">I have read and agree to the <a href=\"https:\/\/staging.simulationpartner.se\/en\/terms-and-conditions\/\" target=\"_blank\">Terms and Conditions<\/a>.<\/span>\n        <\/label>\n    <\/div>\n    \n\n\t\t<div class=\"grid-action-buttons\">\n\t\t\t<button type=\"button\" id=\"sendOrderBtn\" class=\"btn btn--primary\">Send order<\/button>\n\t\t<\/div>\n\n      <\/div>\n\n    <\/form>\n<\/div>\n<\/div>\n","protected":false},"excerpt":{"rendered":"<p>Product Package Configuration Select Saved Configuration Upload Configuration File &#8212; Choose Configuration &#8212; Choose File No file chosen Package tier: Package price: Add-on price: Total price: Summary prices not available for this configuration. Show Configuration Configuration not valid.Please choose a file saved on the Configure Your Product Package page. Customer Information Customer \/ Company Details [&hellip;]<\/p>\n","protected":false},"author":1,"featured_media":0,"parent":0,"menu_order":0,"comment_status":"closed","ping_status":"closed","template":"page-templates\/page-full-width-light-header-footer.php","meta":{"inline_featured_image":false,"footnotes":""},"class_list":["post-1956","page","type-page","status-publish","hentry"],"aioseo_notices":[],"_links":{"self":[{"href":"https:\/\/staging.simulationpartner.se\/en\/wp-json\/wp\/v2\/pages\/1956","targetHints":{"allow":["GET"]}}],"collection":[{"href":"https:\/\/staging.simulationpartner.se\/en\/wp-json\/wp\/v2\/pages"}],"about":[{"href":"https:\/\/staging.simulationpartner.se\/en\/wp-json\/wp\/v2\/types\/page"}],"author":[{"embeddable":true,"href":"https:\/\/staging.simulationpartner.se\/en\/wp-json\/wp\/v2\/users\/1"}],"replies":[{"embeddable":true,"href":"https:\/\/staging.simulationpartner.se\/en\/wp-json\/wp\/v2\/comments?post=1956"}],"version-history":[{"count":67,"href":"https:\/\/staging.simulationpartner.se\/en\/wp-json\/wp\/v2\/pages\/1956\/revisions"}],"predecessor-version":[{"id":4771,"href":"https:\/\/staging.simulationpartner.se\/en\/wp-json\/wp\/v2\/pages\/1956\/revisions\/4771"}],"wp:attachment":[{"href":"https:\/\/staging.simulationpartner.se\/en\/wp-json\/wp\/v2\/media?parent=1956"}],"curies":[{"name":"wp","href":"https:\/\/api.w.org\/{rel}","templated":true}]}}