{"id":3820,"date":"2025-07-20T23:39:01","date_gmt":"2025-07-20T21:39:01","guid":{"rendered":"https:\/\/staging.simulationpartner.se\/our-offer\/"},"modified":"2025-09-23T20:46:08","modified_gmt":"2025-09-23T18:46:08","slug":"our-offer","status":"publish","type":"page","link":"https:\/\/staging.simulationpartner.se\/en\/our-offer\/","title":{"rendered":"Our offer"},"content":{"rendered":"\n<header>\n    <p class=\"page-intro\">We offer a complete portfolio of flow simulation solutions and services. Here we help you choose the way forward that creates the most value for you.<\/p>\n<\/header>\n\n<div class=\"container\" id=\"our-offering\">\n            \n    <section class=\"content-panel\" id=\"our-solutions\">\n        <h2 class=\"section-title\">Our Core Solutions<\/h2>\n        <div class=\"comparison-container\">\n\n            <div id=\"smart-comparison\">\n                \n                <div class=\"desktop-table-wrapper\">\n                    <table class=\"comparison-table-desktop\" aria-label=\"J\u00e4mf\u00f6relse mellan tj\u00e4nster\">\n                        <caption>A quick comparison<\/caption>\n                        <thead>\n                            <tr>\n                                <th scope=\"col\">Feature<\/th>\n                                <th scope=\"col\">Product package<\/th>\n                                <th scope=\"col\">Customized projects<\/th>\n                            <\/tr>\n                        <\/thead>\n                        <tbody>\n                            <tr><th scope=\"row\">Price model<\/th><td>Fixed price<\/td><td>Hourly billing<\/td><\/tr>\n                            <tr><th scope=\"row\">Delivery time<\/th><td>Fast &#038; Quick<\/td><td>Project dependent<\/td><\/tr>\n                            <tr><th scope=\"row\">Use cases<\/th><td>Specific<\/td><td>All types<\/td><\/tr>\n                            <tr>\n                                <th scope=\"row\">\n                                    <div class=\"tooltip tooltip--icon\">\n                                        <span>Process<\/span>\n                                        <span class=\"tooltip__trigger info-icon\" data-tooltip-id=\"process-tooltip\">i<\/span>\n                                        <div class=\"tooltip__box\">\n                                            <h4>Product package<\/h4>\n                                            <p>An automated process designed for maximum efficiency. It mainly requires the delivery of input data from you as a customer.<\/p>\n                                            <h4>Customized projects<\/h4>\n                                            <p>An iterative process based on close collaboration between you and our experts.<\/p>\n                                        <\/div>\n                                    <\/div>\n                                <\/th>\n                                <td>Automated<\/td>\n                                <td>Consultative<\/td>\n                            <\/tr>\n                        <\/tbody>\n                    <\/table>\n                <\/div>\n\n                <div class=\"mobile-view-wrapper\">\n                    <\/div>\n\n            <\/div>\n            \n        <\/div>\n\n        <div class=\"two-column-grid\">\n        <div class=\"card card--highlight\">\n            <h3>Product package<\/h3>\n                <p>Choose a product package when your question is well defined and fits one of our standardized use cases. It is the fastest and most cost-effective route to a high-quality analysis with predictable results.<\/p>\n                <a href=\"https:\/\/staging.simulationpartner.se\/en\/product-package\/\" class=\"btn btn--primary\">Read more \u2192<\/a>\n        <\/div>\n\n        <div class=\"card card--highlight\">\n            <h3>Customized projects<\/h3>\n                <p>Choose a Customized projects when your challenge is unique, complex or falls outside the scope of our product packages. This is the right path when you need a deeper, consultative process to define the problem and develop a fully customized model.<\/p>\n                <a href=\"https:\/\/staging.simulationpartner.se\/en\/customized-projects\/\" class=\"btn btn--primary\">Read more \u2192<\/a>\n        <\/div>\n\n        <\/div>\n    <\/section>\n\n    <section class=\"content-panel teaser-section\">\n        <h2 class=\"section-title\">Other services<\/h2>\n        <p class=\"section-intro\" style=\"margin-bottom: 2rem; margin-top:0;\">In addition to our core solutions, we offer a range of expert services to strengthen your internal skills, support your teams and develop your strategic capabilities in flow simulation.<\/p>\n        <a href=\"https:\/\/staging.simulationpartner.se\/en\/other-services\/\" class=\"btn btn--secondary\">Explore other services<\/a>\n    <\/section>\n    \n<\/div>\n","protected":false},"excerpt":{"rendered":"<p>We offer a complete portfolio of flow simulation solutions and services. Here we help you choose the way forward that creates the most value for you. Our Core Solutions A quick comparison Feature Product package Customized projects Price model Fixed price Hourly billing Delivery time Fast &#038; Quick Project dependent Use cases Specific All types [&hellip;]<\/p>\n","protected":false},"author":1,"featured_media":0,"parent":0,"menu_order":0,"comment_status":"closed","ping_status":"closed","template":"page-templates\/page-wide-visual-landing-page.php","meta":{"inline_featured_image":false,"footnotes":""},"class_list":["post-3820","page","type-page","status-publish","hentry"],"aioseo_notices":[],"_links":{"self":[{"href":"https:\/\/staging.simulationpartner.se\/en\/wp-json\/wp\/v2\/pages\/3820","targetHints":{"allow":["GET"]}}],"collection":[{"href":"https:\/\/staging.simulationpartner.se\/en\/wp-json\/wp\/v2\/pages"}],"about":[{"href":"https:\/\/staging.simulationpartner.se\/en\/wp-json\/wp\/v2\/types\/page"}],"author":[{"embeddable":true,"href":"https:\/\/staging.simulationpartner.se\/en\/wp-json\/wp\/v2\/users\/1"}],"replies":[{"embeddable":true,"href":"https:\/\/staging.simulationpartner.se\/en\/wp-json\/wp\/v2\/comments?post=3820"}],"version-history":[{"count":5,"href":"https:\/\/staging.simulationpartner.se\/en\/wp-json\/wp\/v2\/pages\/3820\/revisions"}],"predecessor-version":[{"id":4781,"href":"https:\/\/staging.simulationpartner.se\/en\/wp-json\/wp\/v2\/pages\/3820\/revisions\/4781"}],"wp:attachment":[{"href":"https:\/\/staging.simulationpartner.se\/en\/wp-json\/wp\/v2\/media?parent=3820"}],"curies":[{"name":"wp","href":"https:\/\/api.w.org\/{rel}","templated":true}]}}